{"id":85,"date":"2023-07-30T15:53:33","date_gmt":"2023-07-30T15:53:33","guid":{"rendered":"https:\/\/szmz.hu\/teaching\/?page_id=85"},"modified":"2024-02-12T11:17:05","modified_gmt":"2024-02-12T11:17:05","slug":"1-3-arab-automatak-a-viii-xiii-szazadban","status":"publish","type":"page","link":"https:\/\/szmz.hu\/teaching\/bevezetes-a-szamitogepek-anarcheologiajaba\/1-3-arab-automatak-a-viii-xiii-szazadban\/","title":{"rendered":"1.3 Arab automat\u00e1k a VIII.-XIII. sz\u00e1zadban"},"content":{"rendered":"\n<p>Az iszl\u00e1m aranykor\u00e1nak, vagy iszl\u00e1m renesz\u00e1nsznak nevezett id\u0151szakot az id\u0151sz\u00e1m\u00edt\u00e1sunk szerinti 8. sz\u00e1zad k\u00f6zep\u00e9t\u0151l a 13. sz\u00e1zadig terjed\u0151 id\u0151szakot \u00e9rtj\u00fck, amikor az arab kult\u00fara az eur\u00f3pait messze megel\u0151zve volt k\u00e9pes meghat\u00e1roz\u00f3 \u00faj\u00edt\u00e1sokat l\u00e9trehozni tudom\u00e1nyos, m\u00e9rn\u00f6ki, oktat\u00e1si \u00e9s m\u0171v\u00e9szeti t\u00e9ren is. A hatalmasra n\u0151tt iszl\u00e1m birodalom a megh\u00f3d\u00edtott ter\u00fcletek kult\u00far\u00e1lis\/tudom\u00e1nyos eredm\u00e9nyeihez toler\u00e1nsan viszonyult, \u00e9s k\u00e9pes volt az eltanultakat szintetiz\u00e1lni \u00e9s tov\u00e1bbfejleszteni. A 14-15. sz\u00e1zadt\u00f3j \u00fajraindul\u00f3 eur\u00f3pai fejl\u0151d\u00e9s az \u00f3kori g\u00f6r\u00f6g kult\u00fara hagyom\u00e1nyait is arab k\u00f6zvet\u00edt\u00e9ssel k\u00e9pes \u00fajrahasznos\u00edtani, egy\u00fctt a t\u00e1voli t\u00e1jakr\u00f3l \u00e9rkez\u0151 tud\u00e1ssal (pl. hindu-arab sz\u00e1mok, k\u00ednai, perzsa, egyiptomi tal\u00e1lm\u00e1nyok stb.)<\/p>\n\n\n\n<figure class=\"wp-block-image size-full\"><img loading=\"lazy\" decoding=\"async\" width=\"768\" height=\"512\" src=\"https:\/\/szmz.hu\/teaching\/wp-content\/uploads\/2023\/07\/9th_century_arabic_music_automaton.jpg\" alt=\"\" class=\"wp-image-87\" srcset=\"https:\/\/szmz.hu\/teaching\/wp-content\/uploads\/2023\/07\/9th_century_arabic_music_automaton.jpg 768w, https:\/\/szmz.hu\/teaching\/wp-content\/uploads\/2023\/07\/9th_century_arabic_music_automaton-300x200.jpg 300w\" sizes=\"auto, (max-width: 768px) 100vw, 768px\" \/><figcaption class=\"wp-element-caption\"><sup>A reconstruction of the Ban\u016b M\u016bs\u0101 music automaton from the 9th century, created for the \u2018Allah\u2019s Automata\u2019 exhibition (image courtesy Hatje Cantz)<\/sup><\/figcaption><\/figure>\n\n\n\n<p>A tudom\u00e1nyos eredm\u00e9nyeket a mindennapi \u00e9letben hasznos\u00edt\u00f3 kult\u00fara a robotok, automat\u00e1k ter\u00fclet\u00e9n is rendk\u00edv\u00fcl term\u00e9keny volt, a l\u00e1tv\u00e1nyos szerkezetek egyes r\u00e9szleteit \u00f6nt\u00f6z\u0151rendszerekben \u00e9s k\u00fcl\u00f6nb\u00f6z\u0151 a mindennapi \u00e9letet \u00e9s a munk\u00e1t megk\u00f6nny\u00edt\u0151 g\u00e9pezetekben haszn\u00e1lt\u00e1k fel.<\/p>\n\n\n        <div id=\"ep-gutenberg-content-22e55231330e49456dba187debdb86af\" class=\"ep-gutenberg-content aligncenter ep-percentage-width   ep-content-protection-disabled\">\n            <div class=\"embedpress-inner-iframe emebedpress-unit-percent ep-doc-22e55231330e49456dba187debdb86af\" style=\"max-width:600%\" id=\"embedpress-pdf-1690732617208\">\n                <div >\n                    <div class=\"ep-embed-content-wraper\"><div class=\"position-right-wraper gutenberg-pdf-wraper\"><iframe title=\"arab_automat\" class=\"embedpress-embed-document-pdf embedpress-pdf-1690732617208\" style=\"width:600%;height:600px; max-width:100%; display: inline-block\" src=\"https:\/\/szmz.hu\/teaching\/wp-admin\/admin-ajax.php?action=get_viewer&#038;file=https%3A%2F%2Fszmz.hu%2Fteaching%2Fwp-content%2Fuploads%2F2023%2F07%2Farab_automat.pdf#key=dGhlbWVNb2RlPWRlZmF1bHQmdG9vbGJhcj10cnVlJnBvc2l0aW9uPXRvcCZwcmVzZW50YXRpb249dHJ1ZSZsYXp5TG9hZD1mYWxzZSZkb3dubG9hZD10cnVlJmNvcHlfdGV4dD10cnVlJmFkZF90ZXh0PXRydWUmZHJhdz1mYWxzZSZkb2Nfcm90YXRpb249dHJ1ZSZhZGRfaW1hZ2U9dHJ1ZSZkb2NfZGV0YWlscz10cnVlJnpvb21faW49dHJ1ZSZ6b29tX291dD10cnVlJmZpdF92aWV3PXRydWUmYm9va21hcms9dHJ1ZSZmbGlwYm9va190b29sYmFyX3Bvc2l0aW9uPWJvdHRvbSZzZWxlY3Rpb25fdG9vbD0wJnNjcm9sbGluZz0tMSZzcHJlYWRzPS0x\" frameborder=\"0\" oncontextmenu=\"return false;\"><\/iframe> <p class=\"embedpress-el-powered\">Powered By EmbedPress<\/p><\/div><\/div>                <\/div>\n            <\/div>\n        <\/div>\n    ","protected":false},"excerpt":{"rendered":"<p>Az iszl\u00e1m aranykor\u00e1nak, vagy iszl\u00e1m renesz\u00e1nsznak nevezett id\u0151szakot az id\u0151sz\u00e1m\u00edt\u00e1sunk szerinti 8. sz\u00e1zad k\u00f6zep\u00e9t\u0151l a 13. sz\u00e1zadig terjed\u0151 id\u0151szakot \u00e9rtj\u00fck, amikor az arab kult\u00fara az eur\u00f3pait messze megel\u0151zve volt k\u00e9pes meghat\u00e1roz\u00f3 \u00faj\u00edt\u00e1sokat l\u00e9trehozni tudom\u00e1nyos, m\u00e9rn\u00f6ki, oktat\u00e1si \u00e9s m\u0171v\u00e9szeti t\u00e9ren is. A hatalmasra n\u0151tt iszl\u00e1m birodalom a megh\u00f3d\u00edtott ter\u00fcletek kult\u00far\u00e1lis\/tudom\u00e1nyos eredm\u00e9nyeihez toler\u00e1nsan viszonyult, \u00e9s k\u00e9pes volt [&hellip;]<\/p>\n","protected":false},"author":1,"featured_media":0,"parent":707,"menu_order":3,"comment_status":"closed","ping_status":"closed","template":"","meta":{"footnotes":""},"class_list":["post-85","page","type-page","status-publish","hentry"],"_links":{"self":[{"href":"https:\/\/szmz.hu\/teaching\/wp-json\/wp\/v2\/pages\/85","targetHints":{"allow":["GET"]}}],"collection":[{"href":"https:\/\/szmz.hu\/teaching\/wp-json\/wp\/v2\/pages"}],"about":[{"href":"https:\/\/szmz.hu\/teaching\/wp-json\/wp\/v2\/types\/page"}],"author":[{"embeddable":true,"href":"https:\/\/szmz.hu\/teaching\/wp-json\/wp\/v2\/users\/1"}],"replies":[{"embeddable":true,"href":"https:\/\/szmz.hu\/teaching\/wp-json\/wp\/v2\/comments?post=85"}],"version-history":[{"count":2,"href":"https:\/\/szmz.hu\/teaching\/wp-json\/wp\/v2\/pages\/85\/revisions"}],"predecessor-version":[{"id":95,"href":"https:\/\/szmz.hu\/teaching\/wp-json\/wp\/v2\/pages\/85\/revisions\/95"}],"up":[{"embeddable":true,"href":"https:\/\/szmz.hu\/teaching\/wp-json\/wp\/v2\/pages\/707"}],"wp:attachment":[{"href":"https:\/\/szmz.hu\/teaching\/wp-json\/wp\/v2\/media?parent=85"}],"curies":[{"name":"wp","href":"https:\/\/api.w.org\/{rel}","templated":true}]}}