{"id":806,"date":"2024-05-21T16:07:51","date_gmt":"2024-05-21T16:07:51","guid":{"rendered":"https:\/\/szmz.hu\/teaching\/?page_id=806"},"modified":"2024-05-21T16:16:33","modified_gmt":"2024-05-21T16:16:33","slug":"vizsgakerdesek-2-szemeszter","status":"publish","type":"page","link":"https:\/\/szmz.hu\/teaching\/bevezetes-a-szamitogepek-anarcheologiajaba\/vizsgakerdesek-2-szemeszter\/","title":{"rendered":"Vizsgak\u00e9rd\u00e9sek 2. szemeszter"},"content":{"rendered":"\n<p>Melyek az alapvet\u0151 k\u00fcl\u00f6nbs\u00e9gek Babbage differencia- \u00e9s analitikus g\u00e9pe k\u00f6z\u00f6tt?<br>Programozhat\u00f3 szerkezet volt a Differential Engine?<br>Ki volt Ada Byron?<br>Ki volt Ada Lovelace?<br>Mire volt k\u00e9pes Babbage differenciag\u00e9pe?<br>Mire volt k\u00e9pes Babbage analitikus g\u00e9pe?<br>Programozhat\u00f3 szerkezet volt a Differential Engine?<br>Milyen c\u00e9lb\u00f3l tervezte Babbage a Differential Engine-t?<br>Mi jut eszedbe a lyukk\u00e1rty\u00e1r\u00f3l?<br>Hogyan volt programozhat\u00f3 az Analitycal Engine?<br>H\u00e1ny k\u00e1rtyacsomag seg\u00edts\u00e9g\u00e9vel volt programozhat\u00f3 az Analitycal Engine?<\/p>\n\n\n\n<p>Mi jut eszedbe a lyukk\u00e1rty\u00e1r\u00f3l?<br>Mi k\u00f6thet\u0151 Hermann Hollerith szem\u00e9ly\u00e9hez?<br>Mikor haszn\u00e1ltak el\u0151sz\u00f6r lyukk\u00e1rty\u00e1s rendszert az amerikai n\u00e9psz\u00e1ml\u00e1l\u00e1sban?<br>Ki nyerte az 1890-es X. amerikai n\u00e9psz\u00e1ml\u00e1l\u00e1s lebonyol\u00edt\u00e1s\u00e1nak g\u00e9pes\u00edt\u00e9s\u00e9re ki\u00edrt p\u00e1ly\u00e1zatot?<\/p>\n\n\n\n<p>Mi k\u00f6thet\u0151 Raymond Llull szem\u00e9ly\u00e9hez?<br>Mi jut eszedbe az Ars generalis ultima or Ars magna c. m\u0171r\u0151l?<br>Mit tekint\u00fcnk a vil\u00e1g els\u0151 logikai g\u00e9p\u00e9nek?<br>Ki javasolta el\u0151sz\u00f6r a kettes sz\u00e1mrendszer bevezet\u00e9s\u00e9t a g\u00e9pes\u00edtett sz\u00e1mol\u00e1ssal kapcsolatban?<br>Mi k\u00f6thet\u00f4 George Boole szem\u00e9ly\u00e9hez?<br>Mi k\u00f6thet\u00f4 Augustus de Morgan szem\u00e9ly\u00e9hez?<\/p>\n\n\n\n<p>Ha A=0 \u00e9s B=1, mennyi A AND B?<br>Ha A=1 \u00e9s B=1, mennyi A AND B?<br>Ha A=1 \u00e9s B=0, mennyi A AND B?<br>Ha A=0 \u00e9s B=1, mennyi A OR B?<br>Ha A=1 \u00e9s B=0, mennyi A OR B?<br>\u2026<br>Ha A=0 \u00e9s B=1, mennyi A XOR B?<br>\u2026<br>Ha A=0 \u00e9s B=1, mennyi A NOR B?<br>\u2026<br>Ha A=0 \u00e9s B=1, mennyi A NAND B?<br>\u2026<\/p>\n\n\n\n<p>Mi k\u00f6thet\u0151 Claude Shannon szem\u00e9ly\u00e9hez?<br>Kik a szerz\u0151i az 1948-ban megjelent &#8220;The Mathematical Theory of Communication&#8221; c\u00edm\u0171 m\u0171nek?<br>Mi a c\u00edme az 1948-ban Claude Shannon \u00e9s Warren Weaver \u00e1ltal publik\u00e1lt k\u00f6nxvnek, mely l\u00e9nyeg\u00e9ben megalapozta az inform\u00e1ci\u00f3elm\u00e9let tudom\u00e1ny\u00e1g\u00e1t?<br>Kinek a nev\u00e9hez szok\u00e1s k\u00f6tni az inform\u00e1ci\u00f3elm\u00e9let megsz\u00fclet\u00e9s\u00e9t?<br>Mi k\u00f6thet\u0151 Norbert Wiener szem\u00e9ly\u00e9hez?<br>Ki \u00edrta az 1948-ban megjelent &#8220;Kibernetika vagy kontroll \u00e9s kommunik\u00e1ci\u00f3 az \u00e1llatban \u00e9s a g\u00e9pben&#8221; (Cybernetics or Control and Communication in the Animal and the Machine) c\u00edm\u0171 k\u00f6nyvet?<br>Kinek a nev\u00e9hez szok\u00e1s k\u00f6tni a kibernetika megsz\u00fclet\u00e9s\u00e9t?<br>Mi k\u00f6thet\u00f4 Alan Turing szem\u00e9ly\u00e9hez?<br>Hogyan(mi c\u00e9lb\u00f3l), mikor \u00e9s hol \u00e9p\u00fclt a Colossus Mark I. nev\u0171 sz\u00e1m\u00edt\u00f3g\u00e9p?<br>Mi jut eszedbe a tettet\u00e9s-j\u00e1t\u00e9kr\u00f3l (Imitation Game)?<br>Hogyan halt meg Alan Turing?<\/p>\n\n\n\n<p>Mire haszn\u00e1lt\u00e1k az anal\u00f3g sz\u00e1m\u00edt\u00f3g\u00e9peket a huszadik sz\u00e1zad elej\u00e9n?<br>Mi jut eszedbe a t\u00fczel\u00e9st szab\u00e1lyz\u00f3 sz\u00e1m\u00edt\u00f3g\u00e9pekr\u0151l (fire control computers)?<\/p>\n\n\n\n<p>Mi k\u00f6thet\u0151 Konrad Zuse szem\u00e9ly\u00e9hez?<br>Ki \u00e9p\u00edtette a vil\u00e1g els\u0151 bin\u00e1ris, jelfog\u00f3s programvez\u00e9relt sz\u00e1mol\u00f3g\u00e9p\u00e9t?<br>Mi volt a neve a vil\u00e1g els\u0151 bin\u00e1ris, jelfog\u00f3s programvez\u00e9relt sz\u00e1mol\u00f3g\u00e9p\u00e9nek?<br>Mikor \u00e9p\u00fclt a vil\u00e1g els\u0151 bin\u00e1ris, jelfog\u00f3s programvez\u00e9relt sz\u00e1mol\u00f3g\u00e9pe?<br>Ki \u00e9p\u00edtette a vil\u00e1g els\u0151 digit\u00e1lis rajzg\u00e9p\u00e9t?<\/p>\n\n\n\n<p>Mi jut eszedbe az ENIAC-r\u0151l \u00e9s az EDVAC-r\u0151l?<br>Mit tudsz a &#8220;Neumann-elv&#8221;-r\u0151l?<\/p>\n\n\n\n<p>Milyen sz\u00e1m\u00edt\u00f3g\u00e9p-gener\u00e1ci\u00f3kr\u00f3l hallott\u00e1l?<br>Mi jut eszedbe az els\u0151-, m\u00e1sodik-, harmadik- \u00e9s negyedik gener\u00e1ci\u00f3s sz\u00e1m\u00edt\u00f3g\u00e9pekr\u0151l?<br>Mi jut eszedbe a rel\u00e9r\u0151l \u00e9s az elektroncs\u0151r\u0151l?<br>Mi jut eszedbe a tranzisztorr\u00f3l?<br>Mi jut eszedbe az integr\u00e1lt \u00e1ramk\u00f6rr\u0151l (IC)?<\/p>\n\n\n\n<p>Milyen szempontb\u00f3l fontos a CP\/M oper\u00e1ci\u00f3s rendszer?<br>Mi a neve a Gary Kildall \u00e1ltal k\u00e9sz\u00edtett els\u0151 g\u00e9pf\u00fcggetlen oper\u00e1ci\u00f3s rendszernek?<br>Mit tudsz az Altair 8800-r\u00f3l?<br>Mi volt az els\u00f4 Paul Allen \u00e9s Bill Gates \u00e1ltal \u00edrt h\u00edres szoftver?<br>Mi volt az els\u00f4 Steve Jobs \u00e9s Steve Wozniak \u00e1ltal \u00e9p\u00edtett sz\u00e1m\u00edt\u00f3g\u00e9p?<br>Mikor alap\u00edtott\u00e1k a Microsoft \u00e9s az Apple Computer nev\u0171 c\u00e9geket?<\/p>\n\n\n\n<p>Mi\u00e9rt fontos az egyetemes tizedes oszt\u00e1lyoz\u00e1s (UDC)?<br>Mi jut eszedbe a Mundaneum-r\u00f3l?<br>Mi k\u00f6thet\u00f4 Vannevar Bush szem\u00e9ly\u00e9hez?<br>Ki a szerz\u0151je az &#8220;As We May Think&#8221; c. c\u00edm\u0171 1945-ben az Atlantic Monthly-ben megjelent essz\u00e9nek?<br>Mi jut eszedbe a MEMEX-r\u0151l?<br>Mi jut eszedbe Ted Nelsonr\u00f3l?<br>Ki &#8216;tal\u00e1lta ki&#8217; a Hypertext fogalm\u00e1t?<br>Mi\u00e9rt harcol Ted Nelson?<br>Mi jut eszedbe a Xanaduspace-r\u0151l?<\/p>\n\n\n\n<p>Milyen fejleszt\u00e9sek zajlottak az &#8220;Augmentation Research Center&#8221;-ben?<br>Hol \u00e9s mikor fejlesztett\u00e9k ki a sz\u00e1m\u00edt\u00f3g\u00e9pes egeret?<br>Mi k\u00f6thet\u00f4 Douglas Engelbart szem\u00e9ly\u00e9hez?<br>Mikor \u00e9s milyen k\u00f6r\u00fclm\u00e9nyek k\u00f6z\u00f6tt alakultak ki az els\u0151 sz\u00e1m\u00edt\u00f3g\u00e9pes h\u00e1l\u00f3zatok?<br>Mi jut eszedbe az ARPANET-r\u0151l?<\/p>\n\n\n\n<p>Mi k\u00f6thet\u00f4 Alan Kay szem\u00e9ly\u00e9hez?<br>Mikor alakultak ki a sz\u00e1m\u00edt\u00f3g\u00e9pek grafikus felhaszn\u00e1l\u00f3i fel\u00fcletei?<br>Milyen fejleszt\u00e9sek zajlottak a Xerox PARC (Palo ALto Research Center) kutat\u00f3int\u00e9zetben az 1970-es \u00e9vekben?<\/p>\n\n\n\n<p>Mi jut eszedbe Andries van Dam-r\u00f3l?<br>Mit tudsz a Brown egyetemen az 1970-es \u00e9vekben fejlesztett hyperm\u00e9dia rendszerr\u0151l?<br>Ki az a fejleszt\u0151, aki a Brown egyetemen 1967-ben kifejleszti az els\u0151 hypertext sz\u00f6vegszerkeszt\u0151t (HES &#8211; Hypertext Editing System)?<br>Ki jut eszedbe a Brown egyetemen az 1970-es \u00e9vekben kifejlesztett INTERMEDIA rendszerr\u0151l?<br>Mi jut eszedbe Bill Atkinsonr\u00f3l?<br>Mi jut eszedbe a Hypercard-r\u00f3l?<\/p>\n\n\n\n<ul class=\"wp-block-list\">\n<li>Mi az hogy &#8220;bin\u00e1ris sz\u00e1m&#8221;?<\/li>\n\n\n\n<li>Mi az hogy &#8220;okt\u00e1lis sz\u00e1m&#8221;?<\/li>\n\n\n\n<li>Mi az hogy &#8220;decim\u00e1lis sz\u00e1m&#8221;?<\/li>\n\n\n\n<li>Mi az hogy &#8220;hexadecim\u00e1lis sz\u00e1m&#8221;?<\/li>\n\n\n\n<li>Mennyi az 10 \u00e9s a 01 okt\u00e1lis sz\u00e1mok \u00f6sszege?<\/li>\n\n\n\n<li>Mennyi az 10 \u00e9s a 01 bin\u00e1ris sz\u00e1mok \u00f6sszege?<\/li>\n\n\n\n<li>Mennyi az 10 \u00e9s a 01 decim\u00e1lis sz\u00e1mok \u00f6sszege?<\/li>\n\n\n\n<li>Mennyi az 10 \u00e9s a 01 hexadecim\u00e1lis sz\u00e1mok \u00f6sszege?<\/li>\n<\/ul>\n\n\n\n<p>Mikor j\u00f6tt l\u00e9tre a WWW?<br>Mi k\u00f6thet\u0151 Tim Berners-Lee szem\u00e9ly\u00e9hez?<br>Mikor terjedt el a WWW haszn\u00e1lata?<br>Mikor k\u00e9sz\u00fcltek az els\u0151 interm\u00e9dia-szakos hallgat\u00f3k \u00e1ltal k\u00e9sz\u00edtett webm\u0171vek?<\/p>\n","protected":false},"excerpt":{"rendered":"<p>Melyek az alapvet\u0151 k\u00fcl\u00f6nbs\u00e9gek Babbage differencia- \u00e9s analitikus g\u00e9pe k\u00f6z\u00f6tt?Programozhat\u00f3 szerkezet volt a Differential Engine?Ki volt Ada Byron?Ki volt Ada Lovelace?Mire volt k\u00e9pes Babbage differenciag\u00e9pe?Mire volt k\u00e9pes Babbage analitikus g\u00e9pe?Programozhat\u00f3 szerkezet volt a Differential Engine?Milyen c\u00e9lb\u00f3l tervezte Babbage a Differential Engine-t?Mi jut eszedbe a lyukk\u00e1rty\u00e1r\u00f3l?Hogyan volt programozhat\u00f3 az Analitycal Engine?H\u00e1ny k\u00e1rtyacsomag seg\u00edts\u00e9g\u00e9vel volt programozhat\u00f3 az [&hellip;]<\/p>\n","protected":false},"author":1,"featured_media":0,"parent":707,"menu_order":0,"comment_status":"closed","ping_status":"closed","template":"","meta":{"footnotes":""},"class_list":["post-806","page","type-page","status-publish","hentry"],"_links":{"self":[{"href":"https:\/\/szmz.hu\/teaching\/wp-json\/wp\/v2\/pages\/806","targetHints":{"allow":["GET"]}}],"collection":[{"href":"https:\/\/szmz.hu\/teaching\/wp-json\/wp\/v2\/pages"}],"about":[{"href":"https:\/\/szmz.hu\/teaching\/wp-json\/wp\/v2\/types\/page"}],"author":[{"embeddable":true,"href":"https:\/\/szmz.hu\/teaching\/wp-json\/wp\/v2\/users\/1"}],"replies":[{"embeddable":true,"href":"https:\/\/szmz.hu\/teaching\/wp-json\/wp\/v2\/comments?post=806"}],"version-history":[{"count":3,"href":"https:\/\/szmz.hu\/teaching\/wp-json\/wp\/v2\/pages\/806\/revisions"}],"predecessor-version":[{"id":824,"href":"https:\/\/szmz.hu\/teaching\/wp-json\/wp\/v2\/pages\/806\/revisions\/824"}],"up":[{"embeddable":true,"href":"https:\/\/szmz.hu\/teaching\/wp-json\/wp\/v2\/pages\/707"}],"wp:attachment":[{"href":"https:\/\/szmz.hu\/teaching\/wp-json\/wp\/v2\/media?parent=806"}],"curies":[{"name":"wp","href":"https:\/\/api.w.org\/{rel}","templated":true}]}}