{"id":438,"date":"2023-11-28T09:41:16","date_gmt":"2023-11-28T09:41:16","guid":{"rendered":"https:\/\/szmz.hu\/teaching\/?page_id=438"},"modified":"2024-02-12T11:17:57","modified_gmt":"2024-02-12T11:17:57","slug":"vizsgakerdesek-1-szemeszter","status":"publish","type":"page","link":"https:\/\/szmz.hu\/teaching\/bevezetes-a-szamitogepek-anarcheologiajaba\/vizsgakerdesek-1-szemeszter\/","title":{"rendered":"Vizsgak\u00e9rd\u00e9sek 1. szemeszter"},"content":{"rendered":"\n<p>Eml\u00edts n\u00e9h\u00e1ny jellegzetes p\u00e9ld\u00e1t arra hogy mit szimul\u00e1ltak az \u00f3kori g\u00f6r\u00f6g \u00f6nszab\u00e1lyz\u00f3 rendszerek!<br>Milyen automat\u00e1t \u00e9p\u00edtett Tarentumi Arkh\u00fct\u00e1sz?<br>Mi jut eszedbe a rep\u00fclni tud\u00f3 fagalamb legend\u00e1j\u00e1r\u00f3l?<br>Milyen automat\u00e1t \u00e9p\u00edtett Kt\u00e9szibiosz?<br>Mi jut eszedbe az \u00f3kori g\u00f6r\u00f6g id\u0151m\u00e9r\u0151 szerkezetekr\u0151l, v\u00edz- \u00e9s t\u0171z\u00f3r\u00e1kr\u00f3l?<br>Mi a c\u00edme Her\u00f3n k\u00f6zleked\u0151ed\u00e9nyekkel\/g\u0151zg\u00e9pekkel kapcsolatos tal\u00e1lm\u00e1nyokat bemutat\u00f3 m\u0171v\u00e9nek?<br>Ki az az \u00f3kori g\u00f6r\u00f6g szerz\u0151, akinek &#8220;Pneumatika&#8221; c\u00edm\u0171 munk\u00e1ja fontos forr\u00e1s az \u00f3kori \u00f6nszab\u00e1lyz\u00f3 rendszerekkel kapcsolatban?<br>Mit tudsz az &#8220;arab renesz\u00e1nsz&#8221; id\u0151szak\u00e1ban k\u00e9sz\u00fclt automat\u00e1kr\u00f3l?<br>Mit tudsz a isz. 800 \u00e9s 1200 k\u00f6z\u00f6tt k\u00e9sz\u00fclt zen\u00e9l\u0151-, id\u0151m\u00e9r\u0151- automat\u00e1kr\u00f3l?<br>Hogyan volt lehets\u00e9ges, hogy az arab vil\u00e1gban t\u00f6bb sz\u00e1z \u00e9vvel hamarabb k\u00e9sz\u00edtettek nagyon \u00f6sszetett automat\u00e1kat, mint Eur\u00f3p\u00e1ban?<br>K\u00e9sz\u00edtett-e Leonardo automat\u00e1kat?<br>Mit tudsz Leonardo automata oroszl\u00e1nj\u00e1r\u00f3l?<br>Mit tudsz a 16. sz\u00e1zadi zen\u00e9l\u0151 automat\u00e1kr\u00f3l?<br>Mikor k\u00e9sz\u00fcltek Gianello Torriano(m\u00e1s \u00e1t\u00edr\u00e1s szerint: Juliano Turriano) zen\u00e9l\u0151 automat\u00e1i?<br>Milyen automat\u00e1kat k\u00e9sz\u00edtett Kempelen Farkas?<br>Kinek a nev\u00e9hez k\u00f6t\u0151dik a &#8220;sakkoz\u00f3 t\u00f6r\u00f6k&#8221;?<br>Mi jut eszedbe a besz\u00e9l\u0151g\u00e9pr\u0151l?<br>Melyik a sakkoz\u00f3g\u00e9p mellett Kempelen Farkas legismertebb automat\u00e1ja?<br>Mi jut eszedbe  Jacques de Vaucanson nev\u00e9r\u0151l?<br>Melyek a Jacques de Vaucanson \u00e1ltal \u00e9p\u00edtett zen\u00e9l\u0151 automat\u00e1k?<br>Ki jut eszedbe az automatikus kacs\u00e1r\u00f3l?<br>Melyek a Droz testv\u00e9rek \u00e1ltal \u00e9p\u00edtett automat\u00e1k?<br>Kihez k\u00f6thet\u0151ek a &#8220;M\u0171v\u00e9sz&#8221;, az &#8220;\u00cdr\u00f3&#8221; \u00e9s a &#8220;Zen\u00e9sz&#8221; automat\u00e1k?<\/p>\n\n\n\n<p>Mi jut eszedbe az addit\u00edv sz\u00e1mrendszerekr\u0151l?<br>Mi jut eszedbe a helyi\u00e9rt\u00e9kes sz\u00e1m\u00e1br\u00e1zol\u00e1sr\u00f3l?<br>Mi k\u00f6thet\u0151 Francois Vieta szem\u00e9ly\u00e9hez?<br>Ki vezeti be a bet\u0171k haszn\u00e1lat\u00e1t az egyenletek le\u00edr\u00e1s\u00e1ban?<br>Mi k\u00f6thet\u0151 John Napier szem\u00e9ly\u00e9hez?<br>Mik azok a &#8216;Napier-csontok&#8217;?<br>Ki \u00edrta az \u201e\u00c9rtekez\u00e9s a m\u00f3dszerr\u0151l\u201d c\u00edm\u0171 m\u0171vet?<br>Mi jut eszedbe Ren\u00e9 Descartes nev\u00e9r\u0151l?<br>K\u00e9sz\u00edtett-e Leonardo sz\u00e1mol\u00f3g\u00e9pet?<br>Kinek a nev\u00e9hez szok\u00e1s k\u00f6tni az els\u0151 mechanikus sz\u00e1mol\u00f3g\u00e9p meg\u00e9p\u00edt\u00e9s\u00e9t?<br>Mi k\u00f6thet\u0151 Wilhelm Schickard szem\u00e9ly\u00e9hez?<br>Milyen m\u0171veleteket volt k\u00e9pes Schickard g\u00e9pe elv\u00e9gezni?<br>Kinek a nev\u00e9hez szok\u00e1s k\u00f6tni az els\u0151 t\u00f6bb p\u00e9ld\u00e1nyban is elk\u00e9sz\u00fclt mechanikus sz\u00e1mol\u00f3g\u00e9p meg\u00e9p\u00edt\u00e9s\u00e9t?<br>K\u00e9sz\u00edtett-e Blaise Pascal sz\u00e1mol\u00f3g\u00e9pet?<br>K\u00e9sz\u00edtett-e Goethe sz\u00e1mol\u00f3g\u00e9pet?<br>K\u00e9sz\u00edtett-e Gottfried Wilhelm Leibniz sz\u00e1mol\u00f3g\u00e9pet?<br>K\u00e9sz\u00edtett-e Schopenhauer sz\u00e1mol\u00f3g\u00e9pet?<br>K\u00e9sz\u00edtett-e John Stuart Mill sz\u00e1mol\u00f3g\u00e9pet?<br>K\u00e9sz\u00edtett-e Samuel Taylor Coleridge sz\u00e1mol\u00f3g\u00e9pet?<br>K\u00e9sz\u00edtett-e Thomas de Quincey sz\u00e1mol\u00f3g\u00e9pet?<br>K\u00e9sz\u00edtett-e Charles Foster Kane sz\u00e1m\u00edt\u00f3g\u00e9pet?<br>K\u00e9sz\u00edtett-e Henry Fox Talbot sz\u00e1mol\u00f3g\u00e9pet?<br>K\u00e9sz\u00edtett-e Diderot sz\u00e1mol\u00f3g\u00e9pet?<br>Mi volt Pascal g\u00e9p\u00e9nek a neve?<br>Mire volt k\u00e9pes Pascal g\u00e9pe?<br>Ki javasolta el\u0151sz\u00f6r a kettes sz\u00e1mrendszer bevezet\u00e9s\u00e9t a sz\u00e1mol\u00f3g\u00e9pek m\u0171k\u00f6d\u00e9s\u00e9ben?<br>Mi k\u00f6thet\u0151 Charles Babbage szem\u00e9ly\u00e9hez?<br>Programozhat\u00f3 szerkezet volt a Differential Engine?<br>Milyen c\u00e9lb\u00f3l tervezte Babbage a Differential Engine-t?<br>Mire volt k\u00e9pes Babbage differenciag\u00e9pe?<br>Mi jut eszedbe a lyukk\u00e1rty\u00e1r\u00f3l?<\/p>\n","protected":false},"excerpt":{"rendered":"<p>Eml\u00edts n\u00e9h\u00e1ny jellegzetes p\u00e9ld\u00e1t arra hogy mit szimul\u00e1ltak az \u00f3kori g\u00f6r\u00f6g \u00f6nszab\u00e1lyz\u00f3 rendszerek!Milyen automat\u00e1t \u00e9p\u00edtett Tarentumi Arkh\u00fct\u00e1sz?Mi jut eszedbe a rep\u00fclni tud\u00f3 fagalamb legend\u00e1j\u00e1r\u00f3l?Milyen automat\u00e1t \u00e9p\u00edtett Kt\u00e9szibiosz?Mi jut eszedbe az \u00f3kori g\u00f6r\u00f6g id\u0151m\u00e9r\u0151 szerkezetekr\u0151l, v\u00edz- \u00e9s t\u0171z\u00f3r\u00e1kr\u00f3l?Mi a c\u00edme Her\u00f3n k\u00f6zleked\u0151ed\u00e9nyekkel\/g\u0151zg\u00e9pekkel kapcsolatos tal\u00e1lm\u00e1nyokat bemutat\u00f3 m\u0171v\u00e9nek?Ki az az \u00f3kori g\u00f6r\u00f6g szerz\u0151, akinek &#8220;Pneumatika&#8221; c\u00edm\u0171 munk\u00e1ja fontos [&hellip;]<\/p>\n","protected":false},"author":1,"featured_media":0,"parent":707,"menu_order":3,"comment_status":"closed","ping_status":"closed","template":"","meta":{"footnotes":""},"class_list":["post-438","page","type-page","status-publish","hentry"],"_links":{"self":[{"href":"https:\/\/szmz.hu\/teaching\/wp-json\/wp\/v2\/pages\/438","targetHints":{"allow":["GET"]}}],"collection":[{"href":"https:\/\/szmz.hu\/teaching\/wp-json\/wp\/v2\/pages"}],"about":[{"href":"https:\/\/szmz.hu\/teaching\/wp-json\/wp\/v2\/types\/page"}],"author":[{"embeddable":true,"href":"https:\/\/szmz.hu\/teaching\/wp-json\/wp\/v2\/users\/1"}],"replies":[{"embeddable":true,"href":"https:\/\/szmz.hu\/teaching\/wp-json\/wp\/v2\/comments?post=438"}],"version-history":[{"count":1,"href":"https:\/\/szmz.hu\/teaching\/wp-json\/wp\/v2\/pages\/438\/revisions"}],"predecessor-version":[{"id":440,"href":"https:\/\/szmz.hu\/teaching\/wp-json\/wp\/v2\/pages\/438\/revisions\/440"}],"up":[{"embeddable":true,"href":"https:\/\/szmz.hu\/teaching\/wp-json\/wp\/v2\/pages\/707"}],"wp:attachment":[{"href":"https:\/\/szmz.hu\/teaching\/wp-json\/wp\/v2\/media?parent=438"}],"curies":[{"name":"wp","href":"https:\/\/api.w.org\/{rel}","templated":true}]}}