{"id":412,"date":"2023-10-17T20:10:01","date_gmt":"2023-10-17T20:10:01","guid":{"rendered":"https:\/\/szmz.hu\/teaching\/?page_id=412"},"modified":"2025-09-24T13:42:29","modified_gmt":"2025-09-24T13:42:29","slug":"photo","status":"publish","type":"page","link":"https:\/\/szmz.hu\/teaching\/photo\/","title":{"rendered":"photo"},"content":{"rendered":"\n<p class=\"has-large-font-size\">light meters:<\/p>\n\n\n\n<p><br>Android: <a href=\"https:\/\/play.google.com\/store\/apps\/details?id=com.willblaschko.android.lightmeterv2.free&amp;hl=en&amp;gl=US\" data-type=\"link\" data-id=\"https:\/\/play.google.com\/store\/apps\/details?id=com.willblaschko.android.lightmeterv2.free&amp;hl=en&amp;gl=US\" target=\"_blank\" rel=\"noreferrer noopener\">android ligt meter free (light meter &#8211; lite)<\/a><\/p>\n\n\n\n<div class=\"wp-block-embedpress-embedpress-pdf\"><div class=\"embedpress-document-embed ep-doc-embedpress-pdf-1697572764621   ep-percentage-width\" style=\"width:600%;max-width:100%\" id=\"ep-doc-34e54cdf-6736-45f3-83bc-fc5148af8d87\" data-source-id=\"source-34e54cdf-6736-45f3-83bc-fc5148af8d87\" data-embed-type=\"PDF\"><div class=\"ep-embed-content-wraper\"><div class=\"position-right-wraper gutenberg-pdf-wraper\"><div class=\"main-content-wraper\"><iframe title=\"\" style=\"height:600px;width:100%\" class=\"embedpress-embed-document-pdf embedpress-pdf-1697572764621\" data-emid=\"embedpress-pdf-1697572764621\" src=\"https:\/\/szmz.hu\/teaching\/wp-admin\/admin-ajax.php?action=get_viewer&amp;scrolling=-1&amp;selection_tool=0&amp;spreads=0&amp;file=https%3A%2F%2Fszmz.hu%2Fteaching%2Fwp-content%2Fuploads%2F2023%2F10%2Fandroid_light_meter_free.pdf#key=dGhlbWVNb2RlPWRlZmF1bHQmcHJlc2VudGF0aW9uPXRydWUmbGF6eUxvYWQ9ZmFsc2UmcG9zaXRpb249dG9wJmZsaXBib29rX3Rvb2xiYXJfcG9zaXRpb249Ym90dG9tJmRvd25sb2FkPXRydWUmdG9vbGJhcj10cnVlJmNvcHlfdGV4dD10cnVlJmFkZF90ZXh0PXRydWUmZHJhdz1mYWxzZSZkb2NfZGV0YWlscz10cnVlJmRvY19yb3RhdGlvbj10cnVlJmFkZF9pbWFnZT10cnVlJnpvb21faW49dHJ1ZSZ6b29tX291dD10cnVlJmZpdF92aWV3PXRydWUmYm9va21hcms9dHJ1ZSZzZWxlY3Rpb25fdG9vbD0wJnNjcm9sbGluZz0tMSZzcHJlYWRzPTA=\"><\/iframe><\/div><p class=\"embedpress-el-powered\">Powered By EmbedPress<\/p><\/div><\/div><\/div><\/div>\n\n\n\n<p>IOS: <a href=\"https:\/\/apps.apple.com\/us\/app\/lumu-light-meter\/id730969737\" data-type=\"link\" data-id=\"https:\/\/apps.apple.com\/us\/app\/lumu-light-meter\/id730969737\">Lumu light meter<\/a><\/p>\n\n\n\n<div class=\"wp-block-embedpress-embedpress-pdf\"><div class=\"embedpress-document-embed ep-doc-embedpress-pdf-1697572999538   ep-percentage-width\" style=\"width:600%;max-width:100%\" id=\"ep-doc-ececf846-f2a1-4be4-a7fb-8ff324b5a4aa\" data-source-id=\"source-ececf846-f2a1-4be4-a7fb-8ff324b5a4aa\" data-embed-type=\"PDF\"><div class=\"ep-embed-content-wraper\"><div class=\"position-right-wraper gutenberg-pdf-wraper\"><div class=\"main-content-wraper\"><iframe title=\"\" style=\"height:600px;width:100%\" class=\"embedpress-embed-document-pdf embedpress-pdf-1697572999538\" data-emid=\"embedpress-pdf-1697572999538\" src=\"https:\/\/szmz.hu\/teaching\/wp-admin\/admin-ajax.php?action=get_viewer&amp;scrolling=-1&amp;selection_tool=0&amp;spreads=0&amp;file=https%3A%2F%2Fszmz.hu%2Fteaching%2Fwp-content%2Fuploads%2F2023%2F10%2Fios_Lumu_light_meter.pdf#key=dGhlbWVNb2RlPWRlZmF1bHQmcHJlc2VudGF0aW9uPXRydWUmbGF6eUxvYWQ9ZmFsc2UmcG9zaXRpb249dG9wJmZsaXBib29rX3Rvb2xiYXJfcG9zaXRpb249Ym90dG9tJmRvd25sb2FkPXRydWUmdG9vbGJhcj10cnVlJmNvcHlfdGV4dD10cnVlJmFkZF90ZXh0PXRydWUmZHJhdz1mYWxzZSZkb2NfZGV0YWlscz10cnVlJmRvY19yb3RhdGlvbj10cnVlJmFkZF9pbWFnZT10cnVlJnpvb21faW49dHJ1ZSZ6b29tX291dD10cnVlJmZpdF92aWV3PXRydWUmYm9va21hcms9dHJ1ZSZzZWxlY3Rpb25fdG9vbD0wJnNjcm9sbGluZz0tMSZzcHJlYWRzPTA=\"><\/iframe><\/div><p class=\"embedpress-el-powered\">Powered By EmbedPress<\/p><\/div><\/div><\/div><\/div>\n\n\n\n<p class=\"has-large-font-size\">Film development:<\/p>\n\n\n\n<p>:<br><a href=\"https:\/\/darkroom-solutions.com\/\" target=\"_blank\" rel=\"noreferrer noopener\">https:\/\/darkroom-solutions.com\/<br><\/a><a rel=\"noreferrer noopener\" href=\"https:\/\/www.digitaltruth.com\/devchart.php\" target=\"_blank\">https:\/\/www.digitaltruth.com\/devchart.php<\/a><\/p>\n\n\n\n<div class=\"wp-block-embedpress-embedpress-pdf\"><div class=\"embedpress-document-embed ep-doc-embedpress-pdf-1697573485733   ep-percentage-width\" style=\"width:600%;max-width:100%\" id=\"ep-doc-a07b7217-aaca-4521-9a70-df8cf4a24837\" data-source-id=\"source-a07b7217-aaca-4521-9a70-df8cf4a24837\" data-embed-type=\"PDF\"><div class=\"ep-embed-content-wraper\"><div class=\"position-right-wraper gutenberg-pdf-wraper\"><div class=\"main-content-wraper\"><iframe title=\"\" style=\"height:600px;width:100%\" class=\"embedpress-embed-document-pdf embedpress-pdf-1697573485733\" data-emid=\"embedpress-pdf-1697573485733\" src=\"https:\/\/szmz.hu\/teaching\/wp-admin\/admin-ajax.php?action=get_viewer&amp;scrolling=-1&amp;selection_tool=0&amp;spreads=0&amp;file=https%3A%2F%2Fszmz.hu%2Fteaching%2Fwp-content%2Fuploads%2F2023%2F10%2FFilm-processing-chart-.pdf#key=dGhlbWVNb2RlPWRlZmF1bHQmcHJlc2VudGF0aW9uPXRydWUmbGF6eUxvYWQ9ZmFsc2UmcG9zaXRpb249dG9wJmZsaXBib29rX3Rvb2xiYXJfcG9zaXRpb249Ym90dG9tJmRvd25sb2FkPXRydWUmdG9vbGJhcj10cnVlJmNvcHlfdGV4dD10cnVlJmFkZF90ZXh0PXRydWUmZHJhdz1mYWxzZSZkb2NfZGV0YWlscz10cnVlJmRvY19yb3RhdGlvbj10cnVlJmFkZF9pbWFnZT10cnVlJnpvb21faW49dHJ1ZSZ6b29tX291dD10cnVlJmZpdF92aWV3PXRydWUmYm9va21hcms9dHJ1ZSZzZWxlY3Rpb25fdG9vbD0wJnNjcm9sbGluZz0tMSZzcHJlYWRzPTA=\"><\/iframe><\/div><p class=\"embedpress-el-powered\">Powered By EmbedPress<\/p><\/div><\/div><\/div><\/div>\n\n\n\n<div class=\"wp-block-embedpress-embedpress-pdf\"><div class=\"embedpress-document-embed ep-doc-embedpress-pdf-1697573510481   ep-percentage-width\" style=\"width:600%;max-width:100%\" id=\"ep-doc-440258f1-3279-46db-85d9-b6e4b66fd6b7\" data-source-id=\"source-440258f1-3279-46db-85d9-b6e4b66fd6b7\" data-embed-type=\"PDF\"><div class=\"ep-embed-content-wraper\"><div class=\"position-right-wraper gutenberg-pdf-wraper\"><div class=\"main-content-wraper\"><iframe title=\"\" style=\"height:600px;width:100%\" class=\"embedpress-embed-document-pdf embedpress-pdf-1697573510481\" data-emid=\"embedpress-pdf-1697573510481\" src=\"https:\/\/szmz.hu\/teaching\/wp-admin\/admin-ajax.php?action=get_viewer&amp;scrolling=-1&amp;selection_tool=0&amp;spreads=0&amp;file=https%3A%2F%2Fszmz.hu%2Fteaching%2Fwp-content%2Fuploads%2F2023%2F10%2FTemperature-compensation-chart.pdf#key=dGhlbWVNb2RlPWRlZmF1bHQmcHJlc2VudGF0aW9uPXRydWUmbGF6eUxvYWQ9ZmFsc2UmcG9zaXRpb249dG9wJmZsaXBib29rX3Rvb2xiYXJfcG9zaXRpb249Ym90dG9tJmRvd25sb2FkPXRydWUmdG9vbGJhcj10cnVlJmNvcHlfdGV4dD10cnVlJmFkZF90ZXh0PXRydWUmZHJhdz1mYWxzZSZkb2NfZGV0YWlscz10cnVlJmRvY19yb3RhdGlvbj10cnVlJmFkZF9pbWFnZT10cnVlJnpvb21faW49dHJ1ZSZ6b29tX291dD10cnVlJmZpdF92aWV3PXRydWUmYm9va21hcms9dHJ1ZSZzZWxlY3Rpb25fdG9vbD0wJnNjcm9sbGluZz0tMSZzcHJlYWRzPTA=\"><\/iframe><\/div><p class=\"embedpress-el-powered\">Powered By EmbedPress<\/p><\/div><\/div><\/div><\/div>\n\n\n\n<p class=\"has-large-font-size\">Fotogr\u00e1fiai optika<\/p>\n\n\n\n<p>S\u00fcmegi Andr\u00e1s &#8211; weekensciencejobs:<br><a rel=\"noreferrer noopener\" href=\"https:\/\/weekendsciencejobs.wordpress.com\/category\/foto\/\" target=\"_blank\">https:\/\/weekendsciencejobs.wordpress.com\/category\/foto\/<\/a><br>Photographic lens design &#8211; wikipedia:<br><a href=\"https:\/\/en.wikipedia.org\/wiki\/Photographic_lens_design\" target=\"_blank\" rel=\"noreferrer noopener\">https:\/\/en.wikipedia.org\/wiki\/Photographic_lens_design<\/a><\/p>\n\n\n\n<p class=\"has-large-font-size\">DURST Laborator 138S Enlarger<\/p>\n\n\n\n<div class=\"wp-block-embedpress-embedpress-pdf\"><div class=\"embedpress-document-embed ep-doc-embedpress-pdf-1758721320443   ep-percentage-width\" style=\"width:600%;max-width:100%\" id=\"ep-doc-undefined\" data-source-id=\"source-undefined\" data-embed-type=\"PDF\"><div class=\"ep-embed-content-wraper\"><div class=\"position-right-wraper gutenberg-pdf-wraper\"><div class=\"main-content-wraper\"><iframe title=\"\" style=\"height:600px;width:100%\" class=\"embedpress-embed-document-pdf embedpress-pdf-1758721320443\" data-emid=\"embedpress-pdf-1758721320443\" src=\"https:\/\/szmz.hu\/teaching\/wp-admin\/admin-ajax.php?action=get_viewer&amp;scrolling=-1&amp;selection_tool=0&amp;spreads=0&amp;file=https%3A%2F%2Fszmz.hu%2Fteaching%2Fwp-content%2Fuploads%2F2025%2F09%2FDurst-Laborator-138-Instructions.pdf#key=dGhlbWVNb2RlPWRlZmF1bHQmcHJlc2VudGF0aW9uPXRydWUmbGF6eUxvYWQ9ZmFsc2UmcG9zaXRpb249dG9wJmZsaXBib29rX3Rvb2xiYXJfcG9zaXRpb249Ym90dG9tJmRvd25sb2FkPXRydWUmdG9vbGJhcj10cnVlJmNvcHlfdGV4dD10cnVlJmFkZF90ZXh0PXRydWUmZHJhdz1mYWxzZSZkb2NfZGV0YWlscz10cnVlJmRvY19yb3RhdGlvbj10cnVlJmFkZF9pbWFnZT10cnVlJnpvb21faW49dHJ1ZSZ6b29tX291dD10cnVlJmZpdF92aWV3PXRydWUmYm9va21hcms9dHJ1ZSZzZWxlY3Rpb25fdG9vbD0wJnNjcm9sbGluZz0tMSZzcHJlYWRzPTA=\"><\/iframe><\/div><p class=\"embedpress-el-powered\">Powered By EmbedPress<\/p><\/div><\/div><\/div><\/div>\n","protected":false},"excerpt":{"rendered":"<p>light meters: Android: android ligt meter free (light meter &#8211; lite) IOS: Lumu light meter Film development: :https:\/\/darkroom-solutions.com\/https:\/\/www.digitaltruth.com\/devchart.php Fotogr\u00e1fiai optika S\u00fcmegi Andr\u00e1s &#8211; weekensciencejobs:https:\/\/weekendsciencejobs.wordpress.com\/category\/foto\/Photographic lens design &#8211; wikipedia:https:\/\/en.wikipedia.org\/wiki\/Photographic_lens_design DURST Laborator 138S Enlarger<\/p>\n","protected":false},"author":1,"featured_media":0,"parent":0,"menu_order":0,"comment_status":"closed","ping_status":"closed","template":"","meta":{"footnotes":""},"class_list":["post-412","page","type-page","status-publish","hentry"],"_links":{"self":[{"href":"https:\/\/szmz.hu\/teaching\/wp-json\/wp\/v2\/pages\/412","targetHints":{"allow":["GET"]}}],"collection":[{"href":"https:\/\/szmz.hu\/teaching\/wp-json\/wp\/v2\/pages"}],"about":[{"href":"https:\/\/szmz.hu\/teaching\/wp-json\/wp\/v2\/types\/page"}],"author":[{"embeddable":true,"href":"https:\/\/szmz.hu\/teaching\/wp-json\/wp\/v2\/users\/1"}],"replies":[{"embeddable":true,"href":"https:\/\/szmz.hu\/teaching\/wp-json\/wp\/v2\/comments?post=412"}],"version-history":[{"count":3,"href":"https:\/\/szmz.hu\/teaching\/wp-json\/wp\/v2\/pages\/412\/revisions"}],"predecessor-version":[{"id":2884,"href":"https:\/\/szmz.hu\/teaching\/wp-json\/wp\/v2\/pages\/412\/revisions\/2884"}],"wp:attachment":[{"href":"https:\/\/szmz.hu\/teaching\/wp-json\/wp\/v2\/media?parent=412"}],"curies":[{"name":"wp","href":"https:\/\/api.w.org\/{rel}","templated":true}]}}