{"id":2425,"date":"2025-03-21T18:34:28","date_gmt":"2025-03-21T18:34:28","guid":{"rendered":"https:\/\/szmz.hu\/teaching\/?page_id=2425"},"modified":"2025-04-30T13:34:57","modified_gmt":"2025-04-30T13:34:57","slug":"mediahistory-bridging-distance-in-space-and-time","status":"publish","type":"page","link":"https:\/\/szmz.hu\/teaching\/media-history\/mediahistory-bridging-distance-in-space-and-time\/","title":{"rendered":"MediaHistory: Bridging Distances in Space and Time"},"content":{"rendered":"\n<p>Recommended reading:<br>Wolfgang Schivelbusch: <em>The Railway Journey<\/em>:&nbsp;<em>The Industrialization of Time and Space in the Nineteenth Century<\/em><br>Wolfgang Schivelbusch: <em>A vas\u00fati utaz\u00e1s t\u00f6rt\u00e9nete-a t\u00e9r \u00e9s az id\u0151 iparosod\u00e1sa a 19. sz\u00e1zadban &#8211; A t\u00e9r \u00e9s az id\u0151 iparosod\u00e1sa a 19. sz\u00e1zadban<\/em>, Napvil\u00e1g Kiad\u00f3, 2008<\/p>\n\n\n\n<p><a href=\"https:\/\/mkeportal-my.sharepoint.com\/:p:\/g\/personal\/szmz_mke_hu\/EQ7uHLsXN39LgviQD7cPAeMBwJbeQBQKASguma47e-fNLQ?e=CmLwUR\" target=\"_blank\" rel=\"noreferrer noopener\">Schivelbush_railway.pptx<\/a><\/p>\n\n\n\n<p><\/p>\n\n\n\n<figure class=\"wp-block-image size-large\"><img loading=\"lazy\" decoding=\"async\" width=\"1024\" height=\"487\" src=\"https:\/\/szmz.hu\/teaching\/wp-content\/uploads\/2025\/03\/07Timeline_of_communication_tools-1024x487.jpg\" alt=\"\" class=\"wp-image-2431\" srcset=\"https:\/\/szmz.hu\/teaching\/wp-content\/uploads\/2025\/03\/07Timeline_of_communication_tools-1024x487.jpg 1024w, https:\/\/szmz.hu\/teaching\/wp-content\/uploads\/2025\/03\/07Timeline_of_communication_tools-300x143.jpg 300w, https:\/\/szmz.hu\/teaching\/wp-content\/uploads\/2025\/03\/07Timeline_of_communication_tools-768x365.jpg 768w, https:\/\/szmz.hu\/teaching\/wp-content\/uploads\/2025\/03\/07Timeline_of_communication_tools.jpg 1167w\" sizes=\"auto, (max-width: 1024px) 100vw, 1024px\" \/><\/figure>\n\n\n\n<p>In 1792, Claude Chappe built a long chain of signaling towers in France. Semaphors imitating human arms were installed on the top of the towers, which could be observed using telescopes from the neighboring towers. By 1793, the 15 towers, each 13km apart, formed a chain of 190km long. 11 years later by 1804 the system was extended to a 370km long semaphor-chain between Paris and Dijon. The experienced staff transmitted messages extremely efficiently: several hundred messages were distributed daily, with a the average speed of 30 minutes of delivery time.<\/p>\n\n\n\n<div class=\"wp-block-columns is-layout-flex wp-container-core-columns-is-layout-28f84493 wp-block-columns-is-layout-flex\">\n<div class=\"wp-block-column is-layout-flow wp-block-column-is-layout-flow\">\n<figure class=\"wp-block-image size-large\"><img loading=\"lazy\" decoding=\"async\" width=\"768\" height=\"1024\" src=\"https:\/\/szmz.hu\/teaching\/wp-content\/uploads\/2025\/03\/07Chappe_tower-768x1024.jpg\" alt=\"\" class=\"wp-image-2434\" srcset=\"https:\/\/szmz.hu\/teaching\/wp-content\/uploads\/2025\/03\/07Chappe_tower-768x1024.jpg 768w, https:\/\/szmz.hu\/teaching\/wp-content\/uploads\/2025\/03\/07Chappe_tower-225x300.jpg 225w, https:\/\/szmz.hu\/teaching\/wp-content\/uploads\/2025\/03\/07Chappe_tower-1152x1536.jpg 1152w, https:\/\/szmz.hu\/teaching\/wp-content\/uploads\/2025\/03\/07Chappe_tower.jpg 1200w\" sizes=\"auto, (max-width: 768px) 100vw, 768px\" \/><\/figure>\n<\/div>\n\n\n\n<div class=\"wp-block-column is-layout-flow wp-block-column-is-layout-flow\">\n<figure class=\"wp-block-image size-large\"><img loading=\"lazy\" decoding=\"async\" width=\"754\" height=\"1024\" src=\"https:\/\/szmz.hu\/teaching\/wp-content\/uploads\/2025\/03\/07Chappe_semaphore-754x1024.jpg\" alt=\"\" class=\"wp-image-2437\" srcset=\"https:\/\/szmz.hu\/teaching\/wp-content\/uploads\/2025\/03\/07Chappe_semaphore-754x1024.jpg 754w, https:\/\/szmz.hu\/teaching\/wp-content\/uploads\/2025\/03\/07Chappe_semaphore-221x300.jpg 221w, https:\/\/szmz.hu\/teaching\/wp-content\/uploads\/2025\/03\/07Chappe_semaphore-768x1043.jpg 768w, https:\/\/szmz.hu\/teaching\/wp-content\/uploads\/2025\/03\/07Chappe_semaphore.jpg 770w\" sizes=\"auto, (max-width: 754px) 100vw, 754px\" \/><\/figure>\n<\/div>\n<\/div>\n\n\n\n<figure class=\"wp-block-image aligncenter size-large\"><img loading=\"lazy\" decoding=\"async\" width=\"1024\" height=\"869\" src=\"https:\/\/szmz.hu\/teaching\/wp-content\/uploads\/2025\/03\/07Signaling_by_Napoleonic_semaphore_line-1024x869.jpg\" alt=\"\" class=\"wp-image-2440\" srcset=\"https:\/\/szmz.hu\/teaching\/wp-content\/uploads\/2025\/03\/07Signaling_by_Napoleonic_semaphore_line-1024x869.jpg 1024w, https:\/\/szmz.hu\/teaching\/wp-content\/uploads\/2025\/03\/07Signaling_by_Napoleonic_semaphore_line-300x255.jpg 300w, https:\/\/szmz.hu\/teaching\/wp-content\/uploads\/2025\/03\/07Signaling_by_Napoleonic_semaphore_line-768x652.jpg 768w, https:\/\/szmz.hu\/teaching\/wp-content\/uploads\/2025\/03\/07Signaling_by_Napoleonic_semaphore_line.jpg 1075w\" sizes=\"auto, (max-width: 1024px) 100vw, 1024px\" \/><figcaption class=\"wp-element-caption\">Rees&#8217;s Cyclop\u00e6dia (published between 1802-1820), Plates Vol. IV, &#8220;TELEGRAPH&#8221;, Fig. 4; from a digital scan at https:\/\/archive.org\/details\/cyclopaediaplates04rees<\/figcaption><\/figure>\n\n\n\n<p>Five years before Chappe the Hungarian Jozef Chudy (Pressburg (Bratislava\/Pozsony), June 14, 1753 \u2013 Pest, March 4, 1813) invented the firs optical and acoustic telegraph. Chudy is the composer of the first hungarian language opera:&nbsp;<em><a href=\"https:\/\/www.nevpont.hu\/tanulmany\/chudy-jozsef-es-az-elso-magyar-opera-e40bd\" target=\"_blank\" rel=\"noreferrer noopener\">Pikk\u00f3 hertzeg \u00e9s Jutka Perzsi<\/a><\/em>. In 1787 Chudy publishes a 15 page long booklet describing his invention (Beschreibung eines Telegraphs, welcher im Jahr 1787 in Pre\u00dfburg in Ungarn ist entdeckt worden [Description of a Telegraph Discovered in 1787 in Pressburg, Hungary]).<\/p>\n\n\n\n<p>Chudy&#8217;s optical system was a device with five separate light elements arranged side by side, or with one light source behind a construction with five openable shutters. With the on and off states of these lights 32 combinations are possible. Each combination mean a letter of the alphabet: OOOOI stands for the letter A, OOOIO means B, OOIOO is C, etc. The start of the message can be signalled by opening all the five shutters simultaniously. By adding another two lights, arranged above and under the 5 main ones, punctuation and upper and lower cases can be signalled.<\/p>\n\n\n\n<p>For the acoustic telegraph Chudy proposed two versions. In the first system two easily distinguishable high and low notes substitute the lamps&#8217; on and off states. The notes can be played on drums, bells or any musical instrument. In the second system Chudy proposed to use one note. Here, the two values are a single sound and two sounds substituting the lamps&#8217; on- and off state. This system has the advantage that no musical instrument is required, but much louder gunshots could be used instead<\/p>\n\n\n\n<div class=\"wp-block-columns is-layout-flex wp-container-core-columns-is-layout-28f84493 wp-block-columns-is-layout-flex\">\n<div class=\"wp-block-column is-layout-flow wp-block-column-is-layout-flow\">\n<figure class=\"wp-block-image size-full\"><img loading=\"lazy\" decoding=\"async\" width=\"633\" height=\"732\" src=\"https:\/\/szmz.hu\/teaching\/wp-content\/uploads\/2025\/03\/07Chudy_lamp.jpeg\" alt=\"\" class=\"wp-image-2446\" srcset=\"https:\/\/szmz.hu\/teaching\/wp-content\/uploads\/2025\/03\/07Chudy_lamp.jpeg 633w, https:\/\/szmz.hu\/teaching\/wp-content\/uploads\/2025\/03\/07Chudy_lamp-259x300.jpeg 259w\" sizes=\"auto, (max-width: 633px) 100vw, 633px\" \/><figcaption class=\"wp-element-caption\">Screenshot<\/figcaption><\/figure>\n<\/div>\n\n\n\n<div class=\"wp-block-column is-layout-flow wp-block-column-is-layout-flow\">\n<figure class=\"wp-block-image size-full\"><img loading=\"lazy\" decoding=\"async\" width=\"620\" height=\"896\" src=\"https:\/\/szmz.hu\/teaching\/wp-content\/uploads\/2025\/03\/07Chudy_tunes.jpeg\" alt=\"\" class=\"wp-image-2449\" srcset=\"https:\/\/szmz.hu\/teaching\/wp-content\/uploads\/2025\/03\/07Chudy_tunes.jpeg 620w, https:\/\/szmz.hu\/teaching\/wp-content\/uploads\/2025\/03\/07Chudy_tunes-208x300.jpeg 208w\" sizes=\"auto, (max-width: 620px) 100vw, 620px\" \/><figcaption class=\"wp-element-caption\">Screenshot<\/figcaption><\/figure>\n<\/div>\n<\/div>\n\n\n\n<p>Chudy wasn&#8217;t able to find sponsors to develop his system, thus both his invention and name are fairly known today. Some years later Chudy tried to draw attention to his invention by composing a one-act opera:&nbsp;<em>Der Telegraph oder die Fernschreibmaschine (The Telegraph or, the Tele-typewriter)<\/em>. The premiere was on the 3rd of January, 1796. (Compositions by Chudy have not survived.)<\/p>\n\n\n\n<p>Similar visual signaling systems were replaced by wired, later wireless telegraph, the use of morse-code, than telefax.<\/p>\n\n\n\n<figure class=\"wp-block-image aligncenter size-large\"><img loading=\"lazy\" decoding=\"async\" width=\"1024\" height=\"647\" src=\"https:\/\/szmz.hu\/teaching\/wp-content\/uploads\/2025\/03\/07_1903TelconMap-1024x647.jpg\" alt=\"\" class=\"wp-image-2455\" srcset=\"https:\/\/szmz.hu\/teaching\/wp-content\/uploads\/2025\/03\/07_1903TelconMap-1024x647.jpg 1024w, https:\/\/szmz.hu\/teaching\/wp-content\/uploads\/2025\/03\/07_1903TelconMap-300x189.jpg 300w, https:\/\/szmz.hu\/teaching\/wp-content\/uploads\/2025\/03\/07_1903TelconMap-768x485.jpg 768w, https:\/\/szmz.hu\/teaching\/wp-content\/uploads\/2025\/03\/07_1903TelconMap.jpg 1425w\" sizes=\"auto, (max-width: 1024px) 100vw, 1024px\" \/><\/figure>\n\n\n\n<div class=\"wp-block-columns is-layout-flex wp-container-core-columns-is-layout-28f84493 wp-block-columns-is-layout-flex\">\n<div class=\"wp-block-column is-layout-flow wp-block-column-is-layout-flow\">\n<p>For the production of long cables a flexible insulator is required &#8211; this was the gutta-percha latex.<\/p>\n\n\n\n<p>Gutta-percha latex is biologically inert, resilient, and is a good electrical insulator with a high dielectric strength. Scientifically classified in 1843, it was found to be a useful natural thermoplastic. In 1851, 30,000 long cwt (1,500,000 kg) of gutta-percha was imported into Britain. During the second half of the 19th century, gutta-percha was used for myriad domestic and industrial purposes, and it became a household word. In particular, it was needed as insulation for underwater telegraph cables, which, according to author John Tully, led to unsustainable harvesting and a collapse of the supply.<br>Western inventors discovered the properties of gutta-percha latex in 1842, although the people of its Malayan habitat had used it for many applications for centuries. Allowing this fluid to evaporate and coagulate in the sun produced a latex which could be made flexible again with hot water, but which did not become brittle, unlike rubber prior to the discovery of vulcanization.<\/p>\n\n\n\n<p>By 1845, telegraph wires insulated with gutta-percha were being manufactured in the UK. It served as the insulating material for early undersea telegraph cables, including the first transatlantic telegraph cable.<\/p>\n<\/div>\n\n\n\n<div class=\"wp-block-column is-vertically-aligned-center is-layout-flow wp-block-column-is-layout-flow\">\n<figure class=\"wp-block-image aligncenter size-large\"><img loading=\"lazy\" decoding=\"async\" width=\"894\" height=\"1024\" src=\"https:\/\/szmz.hu\/teaching\/wp-content\/uploads\/2025\/03\/07Recolte_de_la_gutta-percha_dans_une_foret_de_la_malaisie-894x1024.jpg\" alt=\"\" class=\"wp-image-2458\" srcset=\"https:\/\/szmz.hu\/teaching\/wp-content\/uploads\/2025\/03\/07Recolte_de_la_gutta-percha_dans_une_foret_de_la_malaisie-894x1024.jpg 894w, https:\/\/szmz.hu\/teaching\/wp-content\/uploads\/2025\/03\/07Recolte_de_la_gutta-percha_dans_une_foret_de_la_malaisie-262x300.jpg 262w, https:\/\/szmz.hu\/teaching\/wp-content\/uploads\/2025\/03\/07Recolte_de_la_gutta-percha_dans_une_foret_de_la_malaisie-768x879.jpg 768w, https:\/\/szmz.hu\/teaching\/wp-content\/uploads\/2025\/03\/07Recolte_de_la_gutta-percha_dans_une_foret_de_la_malaisie-1342x1536.jpg 1342w, https:\/\/szmz.hu\/teaching\/wp-content\/uploads\/2025\/03\/07Recolte_de_la_gutta-percha_dans_une_foret_de_la_malaisie-1789x2048.jpg 1789w\" sizes=\"auto, (max-width: 894px) 100vw, 894px\" \/><\/figure>\n<\/div>\n<\/div>\n\n\n\n<figure class=\"wp-block-image aligncenter size-large\"><img loading=\"lazy\" decoding=\"async\" width=\"1024\" height=\"724\" src=\"https:\/\/szmz.hu\/teaching\/wp-content\/uploads\/2025\/03\/07Gutta-Percha-1024x724.jpg\" alt=\"\" class=\"wp-image-2461\" srcset=\"https:\/\/szmz.hu\/teaching\/wp-content\/uploads\/2025\/03\/07Gutta-Percha-1024x724.jpg 1024w, https:\/\/szmz.hu\/teaching\/wp-content\/uploads\/2025\/03\/07Gutta-Percha-300x212.jpg 300w, https:\/\/szmz.hu\/teaching\/wp-content\/uploads\/2025\/03\/07Gutta-Percha-768x543.jpg 768w, https:\/\/szmz.hu\/teaching\/wp-content\/uploads\/2025\/03\/07Gutta-Percha.jpg 1200w\" sizes=\"auto, (max-width: 1024px) 100vw, 1024px\" \/><\/figure>\n\n\n\n<figure class=\"wp-block-image size-large\"><img loading=\"lazy\" decoding=\"async\" width=\"1024\" height=\"763\" src=\"https:\/\/szmz.hu\/teaching\/wp-content\/uploads\/2025\/03\/07Coiling-Cable-1024x763.jpg\" alt=\"\" class=\"wp-image-2467\" srcset=\"https:\/\/szmz.hu\/teaching\/wp-content\/uploads\/2025\/03\/07Coiling-Cable-1024x763.jpg 1024w, https:\/\/szmz.hu\/teaching\/wp-content\/uploads\/2025\/03\/07Coiling-Cable-300x224.jpg 300w, https:\/\/szmz.hu\/teaching\/wp-content\/uploads\/2025\/03\/07Coiling-Cable-768x572.jpg 768w, https:\/\/szmz.hu\/teaching\/wp-content\/uploads\/2025\/03\/07Coiling-Cable.jpg 1200w\" sizes=\"auto, (max-width: 1024px) 100vw, 1024px\" \/><\/figure>\n\n\n\n<p>In 1873, when installing the Trans-Atlantic Telegraph connection, the cable was tested at the same time as laying it. They used the high-resistance semiconductor, selenium. Accidentally they discovered its sensitivity to light, the photosensitivity.<\/p>\n\n\n\n<figure class=\"wp-block-embed is-type-video is-provider-youtube wp-block-embed-youtube wp-embed-aspect-16-9 wp-has-aspect-ratio\"><div class=\"wp-block-embed__wrapper\">\n<iframe loading=\"lazy\" title=\"The Secret Life of the Telephone Remastered\" width=\"500\" height=\"281\" src=\"https:\/\/www.youtube.com\/embed\/7R9bHJfymjg?list=PLtaR0lZhSyAPLuoSbMA29s3Ry8ZUvKff3\" frameborder=\"0\" allow=\"accelerometer; autoplay; clipboard-write; encrypted-media; gyroscope; picture-in-picture; web-share\" referrerpolicy=\"strict-origin-when-cross-origin\" allowfullscreen><\/iframe>\n<\/div><\/figure>\n\n\n\n<p>1887 &#8211; Marconi wireless telegraph<br>1893 &#8211; Reginald A. Fessenden Pitsburghben brodcasts sound using a Marconi telegraph, which was received by several rather surprised telegraph operators serving on nearby ships<br>1893 &#8211; Tivadar Pusk\u00e1s launches the telephone newspaper &#8220;Telefon H\u00edrmond\u00f3&#8221; in Budapest<br>1894 &#8211; Marconi introduces wireless radio, two years later the wireless telegraph.<br>1912 &#8211; USA Broadcasting Act &gt;&gt;&gt; introduces the non-military use of radio broadcast<br>1923 &#8211; first permanent radio broadcast station launches in Berlin<br>1924 &#8211; Budapest: 250 watt broadcasting station launches at Csepel<br>1926 &#8211; BBC has been founded in Great Britain<br>1938 &#8211; on October 30th The War of the Worlds radio drama goes on air with the direction of Orson Welles; the alien invasion of Martians caused a widespread panic among listeners<\/p>\n\n\n\n<figure class=\"wp-block-embed is-type-video is-provider-youtube wp-block-embed-youtube wp-embed-aspect-16-9 wp-has-aspect-ratio\"><div class=\"wp-block-embed__wrapper\">\n<iframe loading=\"lazy\" title=\"The Secret Life of the Radio - Remastered\" width=\"500\" height=\"281\" src=\"https:\/\/www.youtube.com\/embed\/LMxate9gegg?list=PLtaR0lZhSyAPLuoSbMA29s3Ry8ZUvKff3\" frameborder=\"0\" allow=\"accelerometer; autoplay; clipboard-write; encrypted-media; gyroscope; picture-in-picture; web-share\" referrerpolicy=\"strict-origin-when-cross-origin\" allowfullscreen><\/iframe>\n<\/div><\/figure>\n\n\n\n<p><\/p>\n\n\n\n<p><\/p>\n","protected":false},"excerpt":{"rendered":"<p>Recommended reading:Wolfgang Schivelbusch: The Railway Journey:&nbsp;The Industrialization of Time and Space in the Nineteenth CenturyWolfgang Schivelbusch: A vas\u00fati utaz\u00e1s t\u00f6rt\u00e9nete-a t\u00e9r \u00e9s az id\u0151 iparosod\u00e1sa a 19. sz\u00e1zadban &#8211; A t\u00e9r \u00e9s az id\u0151 iparosod\u00e1sa a 19. sz\u00e1zadban, Napvil\u00e1g Kiad\u00f3, 2008 Schivelbush_railway.pptx In 1792, Claude Chappe built a long chain of signaling towers in France. [&hellip;]<\/p>\n","protected":false},"author":1,"featured_media":0,"parent":892,"menu_order":8,"comment_status":"closed","ping_status":"closed","template":"","meta":{"footnotes":""},"class_list":["post-2425","page","type-page","status-publish","hentry"],"_links":{"self":[{"href":"https:\/\/szmz.hu\/teaching\/wp-json\/wp\/v2\/pages\/2425","targetHints":{"allow":["GET"]}}],"collection":[{"href":"https:\/\/szmz.hu\/teaching\/wp-json\/wp\/v2\/pages"}],"about":[{"href":"https:\/\/szmz.hu\/teaching\/wp-json\/wp\/v2\/types\/page"}],"author":[{"embeddable":true,"href":"https:\/\/szmz.hu\/teaching\/wp-json\/wp\/v2\/users\/1"}],"replies":[{"embeddable":true,"href":"https:\/\/szmz.hu\/teaching\/wp-json\/wp\/v2\/comments?post=2425"}],"version-history":[{"count":9,"href":"https:\/\/szmz.hu\/teaching\/wp-json\/wp\/v2\/pages\/2425\/revisions"}],"predecessor-version":[{"id":2833,"href":"https:\/\/szmz.hu\/teaching\/wp-json\/wp\/v2\/pages\/2425\/revisions\/2833"}],"up":[{"embeddable":true,"href":"https:\/\/szmz.hu\/teaching\/wp-json\/wp\/v2\/pages\/892"}],"wp:attachment":[{"href":"https:\/\/szmz.hu\/teaching\/wp-json\/wp\/v2\/media?parent=2425"}],"curies":[{"name":"wp","href":"https:\/\/api.w.org\/{rel}","templated":true}]}}